{"id":52,"date":"2016-01-26T16:51:07","date_gmt":"2016-01-26T15:51:07","guid":{"rendered":"http:\/\/eaupotable-grandouest.fr\/?page_id=52"},"modified":"2025-01-16T11:58:48","modified_gmt":"2025-01-16T10:58:48","slug":"documentation","status":"publish","type":"page","link":"https:\/\/eaupotable-grandouest.fr\/index.php\/documentation\/","title":{"rendered":"Documentation"},"content":{"rendered":"<p>Fiches de pr\u00e9sentation des 8 grands syndicats d\u00e9partementaux du grand Ouest membre du p\u00f4le:<\/p>\n<p><a href=\"https:\/\/ged.eaudumorbihan.fr\/share\/s\/5JgLIWLPR6yZrDIf58xe2Q\" target=\"_blank\" rel=\"noopener noreferrer\">Syndicat D\u00e9partemental d\u2019Alimentation en Eau Potable des C\u00f4tes d\u2019Armor<\/a><\/p>\n<p><a href=\"https:\/\/ged.eaudumorbihan.fr\/share\/s\/WgtFGpKkQTuapAdiK4mg_A\" target=\"_blank\" rel=\"noopener noreferrer\">Syndicat mixte de gestion de l&rsquo;approvisionnement en eau potable de l&rsquo;Ille-et-Vilaine<\/a><\/p>\n<p><a href=\"https:\/\/ged.eaudumorbihan.fr\/share\/s\/bbnn1Og7StGnAU52tnRMxQ\" target=\"_blank\" rel=\"noopener noreferrer\">Syndicat D\u00e9partemental d&rsquo;Alimentation en Eau Potable de Loire Atlantique<\/a><\/p>\n<p><a href=\"https:\/\/ged.eaudumorbihan.fr\/share\/s\/v7JcXypeQpWa5odtd60Srw\" target=\"_blank\" rel=\"noopener noreferrer\">Syndicat D\u00e9partemental de l&rsquo;eau de la Manche<\/a><\/p>\n<p><a href=\"https:\/\/ged.eaudumorbihan.fr\/share\/s\/thiHH1_IQHyHL6_i_kkM1A\" target=\"_blank\" rel=\"noopener noreferrer\">Syndicat Eau du Morbihan<\/a><\/p>\n<p><a href=\"https:\/\/ged.eaudumorbihan.fr\/share\/s\/a6k35EOeS4mNbc4WkadLug\" target=\"_blank\" rel=\"noopener noreferrer\">Syndical D\u00e9partemental de l&rsquo;eau de l&rsquo;Orne<\/a><\/p>\n<p><a href=\"https:\/\/ged.eaudumorbihan.fr\/share\/s\/8xrM0-k_R-u9i1L9QVCOLA\" target=\"_blank\" rel=\"noopener noreferrer\">Syndicat Vend\u00e9e eau<\/a><\/p>\n<p><a href=\"https:\/\/ged.eaudumorbihan.fr\/share\/s\/juRo0SlDR86f9cxFHLC1_g\" target=\"_blank\" rel=\"noopener\">Syndicat Eau d&rsquo;Anjou<\/a><\/p>\n","protected":false},"excerpt":{"rendered":"<p>Fiches de pr\u00e9sentation des 8 grands syndicats d\u00e9partementaux du grand Ouest membre du p\u00f4le: Syndicat D\u00e9partemental d\u2019Alimentation en Eau Potable des C\u00f4tes d\u2019Armor Syndicat mixte de gestion de l&rsquo;approvisionnement en eau potable de l&rsquo;Ille-et-Vilaine Syndicat D\u00e9partemental d&rsquo;Alimentation en Eau Potable de Loire Atlantique Syndicat D\u00e9partemental de l&rsquo;eau de la Manche Syndicat Eau du Morbihan Syndical&#8230;&nbsp;(<a href=\"https:\/\/eaupotable-grandouest.fr\/index.php\/documentation\/\">read more<\/a>)<\/p>\n","protected":false},"author":1,"featured_media":0,"parent":0,"menu_order":0,"comment_status":"closed","ping_status":"closed","template":"","meta":{"footnotes":""},"class_list":["post-52","page","type-page","status-publish","hentry"],"yoast_head":"<!-- This site is optimized with the Yoast SEO plugin v27.4 - https:\/\/yoast.com\/product\/yoast-seo-wordpress\/ -->\n<title>Documentation -<\/title>\n<meta name=\"robots\" content=\"index, follow, max-snippet:-1, max-image-preview:large, max-video-preview:-1\" \/>\n<link rel=\"canonical\" href=\"https:\/\/eaupotable-grandouest.fr\/index.php\/documentation\/\" \/>\n<meta property=\"og:locale\" content=\"fr_FR\" \/>\n<meta property=\"og:type\" content=\"article\" \/>\n<meta property=\"og:title\" content=\"Documentation -\" \/>\n<meta property=\"og:description\" content=\"Fiches de pr\u00e9sentation des 8 grands syndicats d\u00e9partementaux du grand Ouest membre du p\u00f4le: Syndicat D\u00e9partemental d\u2019Alimentation en Eau Potable des C\u00f4tes d\u2019Armor Syndicat mixte de gestion de l&rsquo;approvisionnement en eau potable de l&rsquo;Ille-et-Vilaine Syndicat D\u00e9partemental d&rsquo;Alimentation en Eau Potable de Loire Atlantique Syndicat D\u00e9partemental de l&rsquo;eau de la Manche Syndicat Eau du Morbihan Syndical...&nbsp;(read more)\" \/>\n<meta property=\"og:url\" content=\"https:\/\/eaupotable-grandouest.fr\/index.php\/documentation\/\" \/>\n<meta property=\"article:modified_time\" content=\"2025-01-16T10:58:48+00:00\" \/>\n<meta name=\"twitter:card\" content=\"summary_large_image\" \/>\n<meta name=\"twitter:label1\" content=\"Dur\u00e9e de lecture estim\u00e9e\" \/>\n\t<meta name=\"twitter:data1\" content=\"1 minute\" \/>\n<script type=\"application\/ld+json\" class=\"yoast-schema-graph\">{\"@context\":\"https:\\\/\\\/schema.org\",\"@graph\":[{\"@type\":\"WebPage\",\"@id\":\"https:\\\/\\\/eaupotable-grandouest.fr\\\/index.php\\\/documentation\\\/\",\"url\":\"https:\\\/\\\/eaupotable-grandouest.fr\\\/index.php\\\/documentation\\\/\",\"name\":\"Documentation -\",\"isPartOf\":{\"@id\":\"https:\\\/\\\/eaupotable-grandouest.fr\\\/#website\"},\"datePublished\":\"2016-01-26T15:51:07+00:00\",\"dateModified\":\"2025-01-16T10:58:48+00:00\",\"breadcrumb\":{\"@id\":\"https:\\\/\\\/eaupotable-grandouest.fr\\\/index.php\\\/documentation\\\/#breadcrumb\"},\"inLanguage\":\"fr-FR\",\"potentialAction\":[{\"@type\":\"ReadAction\",\"target\":[\"https:\\\/\\\/eaupotable-grandouest.fr\\\/index.php\\\/documentation\\\/\"]}]},{\"@type\":\"BreadcrumbList\",\"@id\":\"https:\\\/\\\/eaupotable-grandouest.fr\\\/index.php\\\/documentation\\\/#breadcrumb\",\"itemListElement\":[{\"@type\":\"ListItem\",\"position\":1,\"name\":\"Accueil\",\"item\":\"https:\\\/\\\/eaupotable-grandouest.fr\\\/\"},{\"@type\":\"ListItem\",\"position\":2,\"name\":\"Documentation\"}]},{\"@type\":\"WebSite\",\"@id\":\"https:\\\/\\\/eaupotable-grandouest.fr\\\/#website\",\"url\":\"https:\\\/\\\/eaupotable-grandouest.fr\\\/\",\"name\":\"\",\"description\":\"\",\"potentialAction\":[{\"@type\":\"SearchAction\",\"target\":{\"@type\":\"EntryPoint\",\"urlTemplate\":\"https:\\\/\\\/eaupotable-grandouest.fr\\\/?s={search_term_string}\"},\"query-input\":{\"@type\":\"PropertyValueSpecification\",\"valueRequired\":true,\"valueName\":\"search_term_string\"}}],\"inLanguage\":\"fr-FR\"}]}<\/script>\n<!-- \/ Yoast SEO plugin. -->","yoast_head_json":{"title":"Documentation -","robots":{"index":"index","follow":"follow","max-snippet":"max-snippet:-1","max-image-preview":"max-image-preview:large","max-video-preview":"max-video-preview:-1"},"canonical":"https:\/\/eaupotable-grandouest.fr\/index.php\/documentation\/","og_locale":"fr_FR","og_type":"article","og_title":"Documentation -","og_description":"Fiches de pr\u00e9sentation des 8 grands syndicats d\u00e9partementaux du grand Ouest membre du p\u00f4le: Syndicat D\u00e9partemental d\u2019Alimentation en Eau Potable des C\u00f4tes d\u2019Armor Syndicat mixte de gestion de l&rsquo;approvisionnement en eau potable de l&rsquo;Ille-et-Vilaine Syndicat D\u00e9partemental d&rsquo;Alimentation en Eau Potable de Loire Atlantique Syndicat D\u00e9partemental de l&rsquo;eau de la Manche Syndicat Eau du Morbihan Syndical...&nbsp;(read more)","og_url":"https:\/\/eaupotable-grandouest.fr\/index.php\/documentation\/","article_modified_time":"2025-01-16T10:58:48+00:00","twitter_card":"summary_large_image","twitter_misc":{"Dur\u00e9e de lecture estim\u00e9e":"1 minute"},"schema":{"@context":"https:\/\/schema.org","@graph":[{"@type":"WebPage","@id":"https:\/\/eaupotable-grandouest.fr\/index.php\/documentation\/","url":"https:\/\/eaupotable-grandouest.fr\/index.php\/documentation\/","name":"Documentation -","isPartOf":{"@id":"https:\/\/eaupotable-grandouest.fr\/#website"},"datePublished":"2016-01-26T15:51:07+00:00","dateModified":"2025-01-16T10:58:48+00:00","breadcrumb":{"@id":"https:\/\/eaupotable-grandouest.fr\/index.php\/documentation\/#breadcrumb"},"inLanguage":"fr-FR","potentialAction":[{"@type":"ReadAction","target":["https:\/\/eaupotable-grandouest.fr\/index.php\/documentation\/"]}]},{"@type":"BreadcrumbList","@id":"https:\/\/eaupotable-grandouest.fr\/index.php\/documentation\/#breadcrumb","itemListElement":[{"@type":"ListItem","position":1,"name":"Accueil","item":"https:\/\/eaupotable-grandouest.fr\/"},{"@type":"ListItem","position":2,"name":"Documentation"}]},{"@type":"WebSite","@id":"https:\/\/eaupotable-grandouest.fr\/#website","url":"https:\/\/eaupotable-grandouest.fr\/","name":"","description":"","potentialAction":[{"@type":"SearchAction","target":{"@type":"EntryPoint","urlTemplate":"https:\/\/eaupotable-grandouest.fr\/?s={search_term_string}"},"query-input":{"@type":"PropertyValueSpecification","valueRequired":true,"valueName":"search_term_string"}}],"inLanguage":"fr-FR"}]}},"_links":{"self":[{"href":"https:\/\/eaupotable-grandouest.fr\/index.php\/wp-json\/wp\/v2\/pages\/52","targetHints":{"allow":["GET"]}}],"collection":[{"href":"https:\/\/eaupotable-grandouest.fr\/index.php\/wp-json\/wp\/v2\/pages"}],"about":[{"href":"https:\/\/eaupotable-grandouest.fr\/index.php\/wp-json\/wp\/v2\/types\/page"}],"author":[{"embeddable":true,"href":"https:\/\/eaupotable-grandouest.fr\/index.php\/wp-json\/wp\/v2\/users\/1"}],"replies":[{"embeddable":true,"href":"https:\/\/eaupotable-grandouest.fr\/index.php\/wp-json\/wp\/v2\/comments?post=52"}],"version-history":[{"count":21,"href":"https:\/\/eaupotable-grandouest.fr\/index.php\/wp-json\/wp\/v2\/pages\/52\/revisions"}],"predecessor-version":[{"id":281,"href":"https:\/\/eaupotable-grandouest.fr\/index.php\/wp-json\/wp\/v2\/pages\/52\/revisions\/281"}],"wp:attachment":[{"href":"https:\/\/eaupotable-grandouest.fr\/index.php\/wp-json\/wp\/v2\/media?parent=52"}],"curies":[{"name":"wp","href":"https:\/\/api.w.org\/{rel}","templated":true}]}}