{"id":37,"date":"2016-01-26T15:08:04","date_gmt":"2016-01-26T14:08:04","guid":{"rendered":"http:\/\/eaupotable-grandouest.fr\/?page_id=37"},"modified":"2025-01-16T12:06:50","modified_gmt":"2025-01-16T11:06:50","slug":"accueil","status":"publish","type":"page","link":"https:\/\/eaupotable-grandouest.fr\/","title":{"rendered":"Accueil"},"content":{"rendered":"<p>Les 8 syndicats d\u00e9partementaux des <a href=\"http:\/\/www.sdaep22.fr\" target=\"_blank\" rel=\"noopener noreferrer\">C\u00f4tes d\u2019Armor<\/a>, <a href=\"https:\/\/smg35.fr\/\" target=\"_blank\" rel=\"noopener noreferrer\">d\u2019Ille-et-Vilaine<\/a>, du <a href=\"https:\/\/www.eaudumorbihan.fr\" target=\"_blank\" rel=\"noopener noreferrer\">Morbihan<\/a>, de <a href=\"https:\/\/www.atlantic-eau.fr\/\" target=\"_blank\" rel=\"noopener noreferrer\">Loire-Atlantique<\/a>, de la <a href=\"https:\/\/www.vendee-eau.fr\/\" target=\"_blank\" rel=\"noopener noreferrer\">Vend\u00e9e<\/a>, de la <a href=\"http:\/\/www.sdeau50.fr\" target=\"_blank\" rel=\"noopener noreferrer\">Manche<\/a> ,de l\u2019<a href=\"https:\/\/www.sde61.fr\/\" target=\"_blank\" rel=\"noopener noreferrer\">Orne<\/a> et du <a href=\"https:\/\/syndicat-eau-anjou.fr\/\">Maine-et-Loire<\/a>\u00a0 interviennent \u00e0 l\u2019\u00e9chelon d\u00e9partemental, selon une organisation et des comp\u00e9tences qui leur sont propres.<\/p>\n<p>En fonction de l\u2019historique et des configurations locales, ces communes et groupements se sont f\u00e9d\u00e9r\u00e9es \u00e0 un \u00e9chelon territorial sup\u00e9rieur pour l\u2019exercice de tout ou partie des comp\u00e9tences du service public d\u2019eau potable : protection de la ressource, production, transport, s\u00e9curisation et distribution.<\/p>\n<p>Les Pr\u00e9sidents des 8 syndicats d\u00e9partementaux d\u2019eau potable ont sign\u00e9 la <a href=\"http:\/\/www.eaudumorbihan.fr\/wp-content\/uploads\/2014\/12\/SKonica-tec15020212420.pdf\" target=\"_blank\" rel=\"noopener noreferrer\">convention<\/a>\u00a0 qui acte officiellement de leur collaboration, d\u00e9j\u00e0 effective, et de leur travail en r\u00e9seau, sur les questions d\u2019actualit\u00e9 touchant le service public d\u2019eau potable et l&rsquo;<a href=\"https:\/\/ged.eaudumorbihan.fr\/share\/s\/XUasAKWoTwWnfZJi-EjGAQ\">avenant n\u00b01<\/a> avec l&rsquo;\u00e9largissement au Syndicat d&rsquo;Eau de l&rsquo;Anjou. Par ce p\u00f4le, v\u00e9ritable mise en r\u00e9seau, ils choisissent d\u2019unir leurs efforts afin de mieux coordonner leurs actions et assoir leur repr\u00e9sentation collective (cf.<a href=\"https:\/\/ged.eaudumorbihan.fr\/share\/s\/Kz6bDogaT6WSytFqJKzPmQ\" target=\"_blank\" rel=\"noopener noreferrer\">fiche descriptive<\/a>).<\/p>\n<div class=\"inside\">\n<style>\n\t#hotspot-84 .hotspots-image-container,\n\t#hotspot-84 .leaflet-container {\n\t\tbackground: #efefef\t}\n\n\t#hotspot-84 .hotspots-placeholder {\n\t\tbackground: #ffffff;\n\t\tborder: 0 #ffffff solid;\n\t\tcolor: #DFEBE5;\n\t}\n\n\t#hotspot-84 .hotspot-title {\n\t\tcolor: #93C7A4;\n\t}\n\n\t\t\t#hotspot-84 .hotspot-default {\n\t\t\tstroke-width: -1;\n\t\t\tfill: #ffffff;\n\t\t\tfill-opacity: 0;\n\t\t\tstroke: #ffffff;\n\t\t\tstroke-opacity: 0;\n\t\t}\n\t\t#hotspot-84 .hotspot-default:hover,\n\t\t#hotspot-84 .hotspot-default:focus-visible,\n\t\t#hotspot-84 .hotspot-default.hotspot-active {\n\t\t\tfill: #4ce0db;\n\t\t\tfill-opacity: 0.21;\n\t\t\tstroke: #ffffff;\n\t\t\tstroke-opacity: 0.01;\n\t\t}\n\t\t#hotspot-84 .leaflet-tooltip,\n\t#hotspot-84 .leaflet-rrose-content-wrapper {\n\t\tbackground: #ffffff;\n\t\tborder-color: #ffffff;\n\t\tcolor: #DFEBE5;\n\t}\n\n\t#hotspot-84 a.leaflet-rrose-close-button {\n\t\tcolor: #93C7A4;\n\t}\n\n\t#hotspot-84 .leaflet-rrose-tip {\n\t\tbackground: #ffffff;\n\t}\n\n\t#hotspot-84 .leaflet-popup-scrolled {\n\t\tborder-bottom-color: #DFEBE5;\n\t\tborder-top-color: #DFEBE5;\n\t}\n\n\t#hotspot-84 .leaflet-tooltip-top:before {\n\t\tborder-top-color: #ffffff;\n\t}\n\n\t#hotspot-84 .leaflet-tooltip-bottom:before {\n\t\tborder-bottom-color: #ffffff;\n\t}\n\t#hotspot-84 .leaflet-tooltip-left:before {\n\t\tborder-left-color: #ffffff;\n\t}\n\t#hotspot-84 .leaflet-tooltip-right:before {\n\t\tborder-right-color: #ffffff;\n\t}\n<\/style>\n\n\t\n\t<div class=\"hotspots-container  layout-left event-click\" id=\"hotspot-84\" data-layout=\"left\" data-trigger=\"click\">\n\t\t<div class=\"hotspots-interaction\">\n\t\t\t\t<div class=\"hotspots-placeholder\" id=\"content-hotspot-84\">\n\t\t<div class=\"hotspot-initial\">\n\t\t\t\t\t\t\t\t\t<h2 class=\"hotspot-title\">\n\t\t\t\tCarte des syndicats\t\t\t<\/h2>\n\t\t\t\t\t\t<div class=\"hotspot-content\">\n\t\t\t\t\t\t\t<\/div>\n\t\t<\/div>\n\t<\/div>\n<div class=\"hotspots-image-container\">\n\t<img\n\t\twidth=\"768\"\n\t\theight=\"853\"\n\t\tsrc=\"https:\/\/eaupotable-grandouest.fr\/wp-content\/uploads\/2021\/12\/carte_sdeau_ouest-768x853-1.png\"\n\t\talt=\"Carte des syndicats\"\n\t\tclass=\"hotspots-image skip-lazy\"\n\t\tusemap=\"#hotspots-image-84\"\n\t\tdata-image-title=\"Carte des syndicats\"\n\t\tdata-image-description=\"\"\n\t\tdata-event-trigger=\"click\"\n\t\tdata-always-visible=\"false\"\n\t\tdata-id=\"84\"\n\t\tdata-no-lazy=\"1\"\n\t\tdata-lazy-src=\"\"\n\t\tdata-lazy=\"false\"\n\t\tloading=\"eager\"\n\t\tdata-skip-lazy=\"1\"\n\t\t>\n<\/div>\t\t<\/div>\n\t\t<map name=\"hotspots-image-84\" class=\"hotspots-map\">\n\t\t\t\t\t\t\t\t\t\t\t<area\n\t\t\t\t\tshape=\"polygon\"\n\t\t\t\t\tcoords=\"202,275,190,263,189,249,184,228,185,217,192,202,181,187,183,179,195,170,199,154,211,154,226,154,236,151,236,161,253,150,254,159,267,171,278,184,287,201,296,212,299,219,306,215,321,205,336,195,349,193,350,201,356,198,363,209,373,206,385,216,398,219,399,228,394,238,395,249,393,261,379,265,371,266,358,272,351,278,344,289,340,289,336,286,327,284,315,282,317,292,308,299,297,299,299,287,290,287,285,295,281,284,270,280,261,278,256,271,244,268,240,276,229,277,219,275,211,271,206,274\"\n\t\t\t\t\thref=\"http:\/\/www.sdaep22.fr\/\"\n\t\t\t\t\trel=\"\"\n\t\t\t\t\ttitle=\"Syndicat d\u00e9partemental d&#039;alimentation en eau potable des C\u00f4tes d&#039;Armor\"\n\t\t\t\t\talt=\"Syndicat d\u00e9partemental d&#039;alimentation en eau potable des C\u00f4tes d&#039;Armor\"\n\t\t\t\t\tdata-action=\"url\"\n\t\t\t\t\tdata-color-scheme=\"\"\n\t\t\t\t\ttarget=\"_new\"\n\t\t\t\t\tclass=\"url-area\"\n\t\t\t\t\t>\n\t\t\t\t\t\t\t\t\t\t\t<area\n\t\t\t\t\tshape=\"polygon\"\n\t\t\t\t\tcoords=\"172,292,164,283,170,271,183,267,199,269,207,276,214,272,224,278,239,274,243,266,254,272,257,277,266,275,275,280,280,281,281,289,288,292,295,286,298,296,309,296,318,289,317,281,330,278,337,290,346,286,351,296,354,299,350,307,362,318,365,334,375,325,370,344,367,355,363,368,366,385,364,397,348,398,339,398,322,398,308,393,291,397,274,401,265,391,252,378,223,410,242,433,217,435,206,421,244,379,234,374,220,365,212,357,213,346,220,341,232,347,240,336,244,326,232,323,220,324,210,320,201,317,203,305,192,309,187,305,173,300\"\n\t\t\t\t\thref=\"https:\/\/www.eaudumorbihan.fr\/\"\n\t\t\t\t\trel=\"\"\n\t\t\t\t\ttitle=\"Eau du Morbihan\"\n\t\t\t\t\talt=\"Eau du Morbihan\"\n\t\t\t\t\tdata-action=\"url\"\n\t\t\t\t\tdata-color-scheme=\"\"\n\t\t\t\t\ttarget=\"_new\"\n\t\t\t\t\tclass=\"url-area\"\n\t\t\t\t\t>\n\t\t\t\t\t\t\t\t\t\t\t<area\n\t\t\t\t\tshape=\"polygon\"\n\t\t\t\t\tcoords=\"369,339,367,331,367,321,348,310,354,304,361,298,352,296,349,287,351,278,361,273,369,268,376,259,384,263,391,258,395,245,395,235,401,229,398,216,376,209,372,198,390,196,409,190,404,200,414,206,425,204,436,204,449,209,449,222,458,232,470,235,475,228,480,225,486,220,502,228,502,237,505,249,507,263,502,266,501,277,502,295,503,304,514,316,507,319,498,321,489,324,485,337,481,348,476,359,462,354,448,348,440,355,430,359,421,369,405,369,390,369,377,373,366,373,363,363,371,360,362,355,372,351,372,344\"\n\t\t\t\t\thref=\"https:\/\/www.smg35.fr\/\"\n\t\t\t\t\trel=\"\"\n\t\t\t\t\ttitle=\"Syndicat mixte de gestion pour l&#039;approvisionnement en eau potable d&#039;Ille-et-Vilaine\"\n\t\t\t\t\talt=\"Syndicat mixte de gestion pour l&#039;approvisionnement en eau potable d&#039;Ille-et-Vilaine\"\n\t\t\t\t\tdata-action=\"url\"\n\t\t\t\t\tdata-color-scheme=\"\"\n\t\t\t\t\ttarget=\"_new\"\n\t\t\t\t\tclass=\"url-area\"\n\t\t\t\t\t>\n\t\t\t\t\t\t\t\t\t\t\t<area\n\t\t\t\t\tshape=\"polygon\"\n\t\t\t\t\tcoords=\"363,400,370,379,387,369,402,369,421,369,426,360,435,359,448,346,460,350,476,362,480,375,483,389,498,393,495,400,481,397,482,409,506,413,507,422,510,429,503,433,496,435,482,434,471,438,458,442,464,448,469,454,478,456,481,463,474,471,462,481,460,491,454,492,449,507,440,510,426,521,405,513,381,500,374,488,363,474,342,465,352,465,352,447,375,441,370,426,363,419,356,424,344,403\"\n\t\t\t\t\thref=\"https:\/\/www.atlantic-eau.fr\/\"\n\t\t\t\t\trel=\"\"\n\t\t\t\t\ttitle=\"Atlantic&#039;Eau\"\n\t\t\t\t\talt=\"Atlantic&#039;Eau\"\n\t\t\t\t\tdata-action=\"url\"\n\t\t\t\t\tdata-color-scheme=\"\"\n\t\t\t\t\ttarget=\"_new\"\n\t\t\t\t\tclass=\"url-area\"\n\t\t\t\t\t>\n\t\t\t\t\t\t\t\t\t\t\t<area\n\t\t\t\t\tshape=\"polygon\"\n\t\t\t\t\tcoords=\"517,230,500,225,487,222,471,232,457,234,450,222,449,206,470,203,470,196,458,192,446,182,445,170,459,158,463,149,459,139,441,108,444,82,456,73,470,71,476,60,496,58,504,76,504,91,519,101,533,104,525,110,535,121,532,138,523,148,507,149,514,156,498,164,495,170,506,179,520,181,530,183,539,194,549,194,541,204,543,220,530,227,524,231\"\n\t\t\t\t\thref=\"http:\/\/www.sdeau50.fr\/\"\n\t\t\t\t\trel=\"\"\n\t\t\t\t\ttitle=\"Syndicat d\u00e9partemental de l&#039;eau de la Manche\"\n\t\t\t\t\talt=\"Syndicat d\u00e9partemental de l&#039;eau de la Manche\"\n\t\t\t\t\tdata-action=\"url\"\n\t\t\t\t\tdata-color-scheme=\"\"\n\t\t\t\t\ttarget=\"_new\"\n\t\t\t\t\tclass=\"url-area\"\n\t\t\t\t\t>\n\t\t\t\t\t\t\t\t\t\t\t<area\n\t\t\t\t\tshape=\"polygon\"\n\t\t\t\t\tcoords=\"557,235,541,240,531,229,542,214,547,202,535,184,563,173,587,167,598,177,604,169,633,175,645,165,657,157,675,154,688,153,692,165,712,172,720,165,718,181,736,191,742,215,759,236,761,253,772,179,776,196,788,206,786,216,794,228,803,239,810,244,818,254,811,258,816,270,809,281,797,283,787,289,788,296,795,305,791,318,774,302,759,258,751,258,733,270,741,282,736,292,729,287,721,275,714,284,701,273,690,264,633,265,631,249,615,247,590,232,575,229,559,240\"\n\t\t\t\t\thref=\"https:\/\/www.sde61.fr\/\"\n\t\t\t\t\trel=\"\"\n\t\t\t\t\ttitle=\"Syndicat D\u00e9partemental de l\u2019Eau de l\u2019Orne\"\n\t\t\t\t\talt=\"Syndicat D\u00e9partemental de l\u2019Eau de l\u2019Orne\"\n\t\t\t\t\tdata-action=\"url\"\n\t\t\t\t\tdata-color-scheme=\"\"\n\t\t\t\t\ttarget=\"_new\"\n\t\t\t\t\tclass=\"url-area\"\n\t\t\t\t\t>\n\t\t\t\t\t\t\t\t\t\t\t<area\n\t\t\t\t\tshape=\"polygon\"\n\t\t\t\t\tcoords=\"403,510,413,516,428,522,437,517,440,509,451,508,452,498,452,492,461,491,468,486,480,496,500,500,513,502,516,511,524,518,521,525,533,536,533,545,543,561,543,572,549,588,541,592,544,603,542,612,547,610,553,618,541,621,529,626,521,619,512,620,504,626,505,614,493,617,483,622,471,622,468,627,457,621,450,613,444,617,434,613,428,602,414,600,402,592,390,586,388,569,379,554,365,539,352,529,351,516,338,498,325,516,317,533,331,544,326,551,306,539,335,480,355,513,363,499,372,489,387,503\"\n\t\t\t\t\thref=\"https:\/\/www.vendee-eau.fr\/\"\n\t\t\t\t\trel=\"\"\n\t\t\t\t\ttitle=\"Vend\u00e9e Eau\"\n\t\t\t\t\talt=\"Vend\u00e9e Eau\"\n\t\t\t\t\tdata-action=\"url\"\n\t\t\t\t\tdata-color-scheme=\"\"\n\t\t\t\t\ttarget=\"_new\"\n\t\t\t\t\tclass=\"url-area\"\n\t\t\t\t\t>\n\t\t\t\t\t\t\t\t\t\t\t<area\n\t\t\t\t\tshape=\"polygon\"\n\t\t\t\t\tcoords=\"\"\n\t\t\t\t\thref=\"#hotspot-hotspot-84-7\"\n\t\t\t\t\trel=\"\"\n\t\t\t\t\ttitle=\"\"\n\t\t\t\t\talt=\"\"\n\t\t\t\t\tdata-action=\"\"\n\t\t\t\t\tdata-color-scheme=\"\"\n\t\t\t\t\ttarget=\"\"\n\t\t\t\t\tclass=\"more-info-area\"\n\t\t\t\t\t>\n\t\t\t\t\t\t\t\t\t\t\t<area\n\t\t\t\t\tshape=\"polygon\"\n\t\t\t\t\tcoords=\"476,357,484,359,490,358,497,360,503,362,512,361,518,362,525,364,540,370,551,372,559,369,570,361,575,368,585,376,593,378,602,384,609,377,627,390,648,399,660,395,656,413,640,441,630,456,627,468,609,497,595,487,585,488,579,491,571,492,563,492,556,494,551,505,539,508,528,504,511,503,508,503,502,500,493,498,483,497,474,492,470,483,471,475,479,466,477,457,468,454,464,447,457,442,464,435,476,437,486,433,494,434,500,435,515,427,509,427,505,422,502,416,500,410,490,410,479,406,481,399,490,398,496,394,489,388,483,384,477,370,471,369,470,360,473,363\"\n\t\t\t\t\thref=\"https:\/\/syndicat-eau-anjou.fr\/\"\n\t\t\t\t\trel=\"\"\n\t\t\t\t\ttitle=\"Syndicat d&#039;Eau de l&#039;Anjou\"\n\t\t\t\t\talt=\"Syndicat d&#039;Eau de l&#039;Anjou\"\n\t\t\t\t\tdata-action=\"url\"\n\t\t\t\t\tdata-color-scheme=\"\"\n\t\t\t\t\ttarget=\"_new\"\n\t\t\t\t\tclass=\"url-area\"\n\t\t\t\t\t>\n\t\t\t\t\t<\/map>\n\n\t\t\n\t\t\t\t\t\t\t\t\t\t\t\t\t\t\t\t\t\t\t\t\t\t\t\t\t\t\n\t\t\t\t\t\t<div class=\"hotspot-info \" id=\"hotspot-hotspot-84-7\">\n\t\t\t\t\n\t\t\t\t<h2 class=\"hotspot-title\"><\/h2>\t\t\t\t\t\t\t\t<div class=\"hotspot-content\">\n\t\t\t\t\t\t\t\t\t<\/div>\n\t\t\t<\/div>\n\t\t\t\t\t\t<\/div>\n\n<\/div>\n","protected":false},"excerpt":{"rendered":"<p>Les 8 syndicats d\u00e9partementaux des C\u00f4tes d\u2019Armor, d\u2019Ille-et-Vilaine, du Morbihan, de Loire-Atlantique, de la Vend\u00e9e, de la Manche ,de l\u2019Orne et du Maine-et-Loire\u00a0 interviennent \u00e0 l\u2019\u00e9chelon d\u00e9partemental, selon une organisation et des comp\u00e9tences qui leur sont propres. En fonction de l\u2019historique et des configurations locales, ces communes et groupements se sont f\u00e9d\u00e9r\u00e9es \u00e0 un \u00e9chelon&#8230;&nbsp;(<a href=\"https:\/\/eaupotable-grandouest.fr\/\">read more<\/a>)<\/p>\n","protected":false},"author":1,"featured_media":0,"parent":0,"menu_order":0,"comment_status":"closed","ping_status":"closed","template":"","meta":{"footnotes":""},"class_list":["post-37","page","type-page","status-publish","hentry"],"yoast_head":"<!-- This site is optimized with the Yoast SEO plugin v27.6 - https:\/\/yoast.com\/product\/yoast-seo-wordpress\/ -->\n<title>Accueil -<\/title>\n<meta name=\"robots\" content=\"index, follow, max-snippet:-1, max-image-preview:large, max-video-preview:-1\" \/>\n<link rel=\"canonical\" href=\"https:\/\/eaupotable-grandouest.fr\/\" \/>\n<meta property=\"og:locale\" content=\"fr_FR\" \/>\n<meta property=\"og:type\" content=\"article\" \/>\n<meta property=\"og:title\" content=\"Accueil -\" \/>\n<meta property=\"og:description\" content=\"Les 8 syndicats d\u00e9partementaux des C\u00f4tes d\u2019Armor, d\u2019Ille-et-Vilaine, du Morbihan, de Loire-Atlantique, de la Vend\u00e9e, de la Manche ,de l\u2019Orne et du Maine-et-Loire\u00a0 interviennent \u00e0 l\u2019\u00e9chelon d\u00e9partemental, selon une organisation et des comp\u00e9tences qui leur sont propres. En fonction de l\u2019historique et des configurations locales, ces communes et groupements se sont f\u00e9d\u00e9r\u00e9es \u00e0 un \u00e9chelon...&nbsp;(read more)\" \/>\n<meta property=\"og:url\" content=\"https:\/\/eaupotable-grandouest.fr\/\" \/>\n<meta property=\"article:modified_time\" content=\"2025-01-16T11:06:50+00:00\" \/>\n<meta name=\"twitter:card\" content=\"summary_large_image\" \/>\n<meta name=\"twitter:label1\" content=\"Dur\u00e9e de lecture estim\u00e9e\" \/>\n\t<meta name=\"twitter:data1\" content=\"1 minute\" \/>\n<script type=\"application\/ld+json\" class=\"yoast-schema-graph\">{\"@context\":\"https:\\\/\\\/schema.org\",\"@graph\":[{\"@type\":\"WebPage\",\"@id\":\"https:\\\/\\\/eaupotable-grandouest.fr\\\/\",\"url\":\"https:\\\/\\\/eaupotable-grandouest.fr\\\/\",\"name\":\"Accueil -\",\"isPartOf\":{\"@id\":\"https:\\\/\\\/eaupotable-grandouest.fr\\\/#website\"},\"datePublished\":\"2016-01-26T14:08:04+00:00\",\"dateModified\":\"2025-01-16T11:06:50+00:00\",\"breadcrumb\":{\"@id\":\"https:\\\/\\\/eaupotable-grandouest.fr\\\/#breadcrumb\"},\"inLanguage\":\"fr-FR\",\"potentialAction\":[{\"@type\":\"ReadAction\",\"target\":[\"https:\\\/\\\/eaupotable-grandouest.fr\\\/\"]}]},{\"@type\":\"BreadcrumbList\",\"@id\":\"https:\\\/\\\/eaupotable-grandouest.fr\\\/#breadcrumb\",\"itemListElement\":[{\"@type\":\"ListItem\",\"position\":1,\"name\":\"Accueil\",\"item\":\"https:\\\/\\\/eaupotable-grandouest.fr\\\/\"},{\"@type\":\"ListItem\",\"position\":2,\"name\":\"Accueil\"}]},{\"@type\":\"WebSite\",\"@id\":\"https:\\\/\\\/eaupotable-grandouest.fr\\\/#website\",\"url\":\"https:\\\/\\\/eaupotable-grandouest.fr\\\/\",\"name\":\"\",\"description\":\"\",\"potentialAction\":[{\"@type\":\"SearchAction\",\"target\":{\"@type\":\"EntryPoint\",\"urlTemplate\":\"https:\\\/\\\/eaupotable-grandouest.fr\\\/?s={search_term_string}\"},\"query-input\":{\"@type\":\"PropertyValueSpecification\",\"valueRequired\":true,\"valueName\":\"search_term_string\"}}],\"inLanguage\":\"fr-FR\"}]}<\/script>\n<!-- \/ Yoast SEO plugin. -->","yoast_head_json":{"title":"Accueil -","robots":{"index":"index","follow":"follow","max-snippet":"max-snippet:-1","max-image-preview":"max-image-preview:large","max-video-preview":"max-video-preview:-1"},"canonical":"https:\/\/eaupotable-grandouest.fr\/","og_locale":"fr_FR","og_type":"article","og_title":"Accueil -","og_description":"Les 8 syndicats d\u00e9partementaux des C\u00f4tes d\u2019Armor, d\u2019Ille-et-Vilaine, du Morbihan, de Loire-Atlantique, de la Vend\u00e9e, de la Manche ,de l\u2019Orne et du Maine-et-Loire\u00a0 interviennent \u00e0 l\u2019\u00e9chelon d\u00e9partemental, selon une organisation et des comp\u00e9tences qui leur sont propres. En fonction de l\u2019historique et des configurations locales, ces communes et groupements se sont f\u00e9d\u00e9r\u00e9es \u00e0 un \u00e9chelon...&nbsp;(read more)","og_url":"https:\/\/eaupotable-grandouest.fr\/","article_modified_time":"2025-01-16T11:06:50+00:00","twitter_card":"summary_large_image","twitter_misc":{"Dur\u00e9e de lecture estim\u00e9e":"1 minute"},"schema":{"@context":"https:\/\/schema.org","@graph":[{"@type":"WebPage","@id":"https:\/\/eaupotable-grandouest.fr\/","url":"https:\/\/eaupotable-grandouest.fr\/","name":"Accueil -","isPartOf":{"@id":"https:\/\/eaupotable-grandouest.fr\/#website"},"datePublished":"2016-01-26T14:08:04+00:00","dateModified":"2025-01-16T11:06:50+00:00","breadcrumb":{"@id":"https:\/\/eaupotable-grandouest.fr\/#breadcrumb"},"inLanguage":"fr-FR","potentialAction":[{"@type":"ReadAction","target":["https:\/\/eaupotable-grandouest.fr\/"]}]},{"@type":"BreadcrumbList","@id":"https:\/\/eaupotable-grandouest.fr\/#breadcrumb","itemListElement":[{"@type":"ListItem","position":1,"name":"Accueil","item":"https:\/\/eaupotable-grandouest.fr\/"},{"@type":"ListItem","position":2,"name":"Accueil"}]},{"@type":"WebSite","@id":"https:\/\/eaupotable-grandouest.fr\/#website","url":"https:\/\/eaupotable-grandouest.fr\/","name":"","description":"","potentialAction":[{"@type":"SearchAction","target":{"@type":"EntryPoint","urlTemplate":"https:\/\/eaupotable-grandouest.fr\/?s={search_term_string}"},"query-input":{"@type":"PropertyValueSpecification","valueRequired":true,"valueName":"search_term_string"}}],"inLanguage":"fr-FR"}]}},"_links":{"self":[{"href":"https:\/\/eaupotable-grandouest.fr\/index.php\/wp-json\/wp\/v2\/pages\/37","targetHints":{"allow":["GET"]}}],"collection":[{"href":"https:\/\/eaupotable-grandouest.fr\/index.php\/wp-json\/wp\/v2\/pages"}],"about":[{"href":"https:\/\/eaupotable-grandouest.fr\/index.php\/wp-json\/wp\/v2\/types\/page"}],"author":[{"embeddable":true,"href":"https:\/\/eaupotable-grandouest.fr\/index.php\/wp-json\/wp\/v2\/users\/1"}],"replies":[{"embeddable":true,"href":"https:\/\/eaupotable-grandouest.fr\/index.php\/wp-json\/wp\/v2\/comments?post=37"}],"version-history":[{"count":14,"href":"https:\/\/eaupotable-grandouest.fr\/index.php\/wp-json\/wp\/v2\/pages\/37\/revisions"}],"predecessor-version":[{"id":283,"href":"https:\/\/eaupotable-grandouest.fr\/index.php\/wp-json\/wp\/v2\/pages\/37\/revisions\/283"}],"wp:attachment":[{"href":"https:\/\/eaupotable-grandouest.fr\/index.php\/wp-json\/wp\/v2\/media?parent=37"}],"curies":[{"name":"wp","href":"https:\/\/api.w.org\/{rel}","templated":true}]}}