{"id":112,"date":"2017-01-16T11:42:25","date_gmt":"2017-01-16T10:42:25","guid":{"rendered":"http:\/\/eaupotable-grandouest.fr\/?page_id=112"},"modified":"2026-01-15T15:37:52","modified_gmt":"2026-01-15T14:37:52","slug":"actualites","status":"publish","type":"page","link":"https:\/\/eaupotable-grandouest.fr\/index.php\/actualites\/","title":{"rendered":"Actualit\u00e9s"},"content":{"rendered":"<p>Le P\u00f4le des syndicats d\u00e9partementaux d&rsquo;eau potable du Grand Ouest a le plaisir de vous retrouver au Carrefour des Gestions Locales de l\u2019Eau qui se tiendra \u00e0 Rennes au Parc des Expositions les 21 et 22 Janvier 2026.<\/p>\n<p>Nous vous invitons \u00e0 venir \u00e9changer avec nous sur notre stand.<\/p>\n<p>Pour plus d&rsquo;information, rendez-vous sur le site <a href=\"https:\/\/evenements.idealco.fr\/evenements\/carrefour-des-gestions-locales-de-l-eau-2i25-921\">carrefour-eau.fr<\/a> et inscrivez-vous en ligne.<\/p>\n\n<div class=\"wp-block-image is-style-default\">\n<figure class=\"aligncenter size-full\"><img loading=\"lazy\" decoding=\"async\" width=\"1500\" height=\"500\" src=\"https:\/\/eaupotable-grandouest.fr\/wp-content\/uploads\/2026\/01\/1500x500-1.jpg\" alt=\"\" class=\"wp-image-292\" srcset=\"https:\/\/eaupotable-grandouest.fr\/wp-content\/uploads\/2026\/01\/1500x500-1.jpg 1500w, https:\/\/eaupotable-grandouest.fr\/wp-content\/uploads\/2026\/01\/1500x500-1-300x100.jpg 300w, https:\/\/eaupotable-grandouest.fr\/wp-content\/uploads\/2026\/01\/1500x500-1-1024x341.jpg 1024w, https:\/\/eaupotable-grandouest.fr\/wp-content\/uploads\/2026\/01\/1500x500-1-768x256.jpg 768w, https:\/\/eaupotable-grandouest.fr\/wp-content\/uploads\/2026\/01\/1500x500-1-150x50.jpg 150w\" sizes=\"auto, (max-width: 1500px) 100vw, 1500px\" \/><\/figure><\/div>","protected":false},"excerpt":{"rendered":"<p>Le P\u00f4le des syndicats d\u00e9partementaux d&rsquo;eau potable du Grand Ouest a le plaisir de vous retrouver au Carrefour des Gestions Locales de l\u2019Eau qui se tiendra \u00e0 Rennes au Parc des Expositions les 21 et 22 Janvier 2026. Nous vous invitons \u00e0 venir \u00e9changer avec nous sur notre stand. Pour plus d&rsquo;information, rendez-vous sur le&#8230;&nbsp;(<a href=\"https:\/\/eaupotable-grandouest.fr\/index.php\/actualites\/\">read more<\/a>)<\/p>\n","protected":false},"author":1,"featured_media":0,"parent":0,"menu_order":0,"comment_status":"closed","ping_status":"closed","template":"","meta":{"footnotes":""},"class_list":["post-112","page","type-page","status-publish","hentry"],"yoast_head":"<!-- This site is optimized with the Yoast SEO plugin v27.6 - https:\/\/yoast.com\/product\/yoast-seo-wordpress\/ -->\n<title>Actualit\u00e9s -<\/title>\n<meta name=\"robots\" content=\"index, follow, max-snippet:-1, max-image-preview:large, max-video-preview:-1\" \/>\n<link rel=\"canonical\" href=\"https:\/\/eaupotable-grandouest.fr\/index.php\/actualites\/\" \/>\n<meta property=\"og:locale\" content=\"fr_FR\" \/>\n<meta property=\"og:type\" content=\"article\" \/>\n<meta property=\"og:title\" content=\"Actualit\u00e9s -\" \/>\n<meta property=\"og:description\" content=\"Le P\u00f4le des syndicats d\u00e9partementaux d&rsquo;eau potable du Grand Ouest a le plaisir de vous retrouver au Carrefour des Gestions Locales de l\u2019Eau qui se tiendra \u00e0 Rennes au Parc des Expositions les 21 et 22 Janvier 2026. Nous vous invitons \u00e0 venir \u00e9changer avec nous sur notre stand. Pour plus d&rsquo;information, rendez-vous sur le...&nbsp;(read more)\" \/>\n<meta property=\"og:url\" content=\"https:\/\/eaupotable-grandouest.fr\/index.php\/actualites\/\" \/>\n<meta property=\"article:modified_time\" content=\"2026-01-15T14:37:52+00:00\" \/>\n<meta property=\"og:image\" content=\"https:\/\/eaupotable-grandouest.fr\/wp-content\/uploads\/2026\/01\/1500x500-1.jpg\" \/>\n\t<meta property=\"og:image:width\" content=\"1500\" \/>\n\t<meta property=\"og:image:height\" content=\"500\" \/>\n\t<meta property=\"og:image:type\" content=\"image\/jpeg\" \/>\n<meta name=\"twitter:card\" content=\"summary_large_image\" \/>\n<meta name=\"twitter:label1\" content=\"Dur\u00e9e de lecture estim\u00e9e\" \/>\n\t<meta name=\"twitter:data1\" content=\"1 minute\" \/>\n<script type=\"application\/ld+json\" class=\"yoast-schema-graph\">{\"@context\":\"https:\\\/\\\/schema.org\",\"@graph\":[{\"@type\":\"WebPage\",\"@id\":\"https:\\\/\\\/eaupotable-grandouest.fr\\\/index.php\\\/actualites\\\/\",\"url\":\"https:\\\/\\\/eaupotable-grandouest.fr\\\/index.php\\\/actualites\\\/\",\"name\":\"Actualit\u00e9s -\",\"isPartOf\":{\"@id\":\"https:\\\/\\\/eaupotable-grandouest.fr\\\/#website\"},\"primaryImageOfPage\":{\"@id\":\"https:\\\/\\\/eaupotable-grandouest.fr\\\/index.php\\\/actualites\\\/#primaryimage\"},\"image\":{\"@id\":\"https:\\\/\\\/eaupotable-grandouest.fr\\\/index.php\\\/actualites\\\/#primaryimage\"},\"thumbnailUrl\":\"https:\\\/\\\/eaupotable-grandouest.fr\\\/wp-content\\\/uploads\\\/2026\\\/01\\\/1500x500-1.jpg\",\"datePublished\":\"2017-01-16T10:42:25+00:00\",\"dateModified\":\"2026-01-15T14:37:52+00:00\",\"breadcrumb\":{\"@id\":\"https:\\\/\\\/eaupotable-grandouest.fr\\\/index.php\\\/actualites\\\/#breadcrumb\"},\"inLanguage\":\"fr-FR\",\"potentialAction\":[{\"@type\":\"ReadAction\",\"target\":[\"https:\\\/\\\/eaupotable-grandouest.fr\\\/index.php\\\/actualites\\\/\"]}]},{\"@type\":\"ImageObject\",\"inLanguage\":\"fr-FR\",\"@id\":\"https:\\\/\\\/eaupotable-grandouest.fr\\\/index.php\\\/actualites\\\/#primaryimage\",\"url\":\"https:\\\/\\\/eaupotable-grandouest.fr\\\/wp-content\\\/uploads\\\/2026\\\/01\\\/1500x500-1.jpg\",\"contentUrl\":\"https:\\\/\\\/eaupotable-grandouest.fr\\\/wp-content\\\/uploads\\\/2026\\\/01\\\/1500x500-1.jpg\",\"width\":1500,\"height\":500},{\"@type\":\"BreadcrumbList\",\"@id\":\"https:\\\/\\\/eaupotable-grandouest.fr\\\/index.php\\\/actualites\\\/#breadcrumb\",\"itemListElement\":[{\"@type\":\"ListItem\",\"position\":1,\"name\":\"Accueil\",\"item\":\"https:\\\/\\\/eaupotable-grandouest.fr\\\/\"},{\"@type\":\"ListItem\",\"position\":2,\"name\":\"Actualit\u00e9s\"}]},{\"@type\":\"WebSite\",\"@id\":\"https:\\\/\\\/eaupotable-grandouest.fr\\\/#website\",\"url\":\"https:\\\/\\\/eaupotable-grandouest.fr\\\/\",\"name\":\"\",\"description\":\"\",\"potentialAction\":[{\"@type\":\"SearchAction\",\"target\":{\"@type\":\"EntryPoint\",\"urlTemplate\":\"https:\\\/\\\/eaupotable-grandouest.fr\\\/?s={search_term_string}\"},\"query-input\":{\"@type\":\"PropertyValueSpecification\",\"valueRequired\":true,\"valueName\":\"search_term_string\"}}],\"inLanguage\":\"fr-FR\"}]}<\/script>\n<!-- \/ Yoast SEO plugin. -->","yoast_head_json":{"title":"Actualit\u00e9s -","robots":{"index":"index","follow":"follow","max-snippet":"max-snippet:-1","max-image-preview":"max-image-preview:large","max-video-preview":"max-video-preview:-1"},"canonical":"https:\/\/eaupotable-grandouest.fr\/index.php\/actualites\/","og_locale":"fr_FR","og_type":"article","og_title":"Actualit\u00e9s -","og_description":"Le P\u00f4le des syndicats d\u00e9partementaux d&rsquo;eau potable du Grand Ouest a le plaisir de vous retrouver au Carrefour des Gestions Locales de l\u2019Eau qui se tiendra \u00e0 Rennes au Parc des Expositions les 21 et 22 Janvier 2026. Nous vous invitons \u00e0 venir \u00e9changer avec nous sur notre stand. Pour plus d&rsquo;information, rendez-vous sur le...&nbsp;(read more)","og_url":"https:\/\/eaupotable-grandouest.fr\/index.php\/actualites\/","article_modified_time":"2026-01-15T14:37:52+00:00","og_image":[{"width":1500,"height":500,"url":"https:\/\/eaupotable-grandouest.fr\/wp-content\/uploads\/2026\/01\/1500x500-1.jpg","type":"image\/jpeg"}],"twitter_card":"summary_large_image","twitter_misc":{"Dur\u00e9e de lecture estim\u00e9e":"1 minute"},"schema":{"@context":"https:\/\/schema.org","@graph":[{"@type":"WebPage","@id":"https:\/\/eaupotable-grandouest.fr\/index.php\/actualites\/","url":"https:\/\/eaupotable-grandouest.fr\/index.php\/actualites\/","name":"Actualit\u00e9s -","isPartOf":{"@id":"https:\/\/eaupotable-grandouest.fr\/#website"},"primaryImageOfPage":{"@id":"https:\/\/eaupotable-grandouest.fr\/index.php\/actualites\/#primaryimage"},"image":{"@id":"https:\/\/eaupotable-grandouest.fr\/index.php\/actualites\/#primaryimage"},"thumbnailUrl":"https:\/\/eaupotable-grandouest.fr\/wp-content\/uploads\/2026\/01\/1500x500-1.jpg","datePublished":"2017-01-16T10:42:25+00:00","dateModified":"2026-01-15T14:37:52+00:00","breadcrumb":{"@id":"https:\/\/eaupotable-grandouest.fr\/index.php\/actualites\/#breadcrumb"},"inLanguage":"fr-FR","potentialAction":[{"@type":"ReadAction","target":["https:\/\/eaupotable-grandouest.fr\/index.php\/actualites\/"]}]},{"@type":"ImageObject","inLanguage":"fr-FR","@id":"https:\/\/eaupotable-grandouest.fr\/index.php\/actualites\/#primaryimage","url":"https:\/\/eaupotable-grandouest.fr\/wp-content\/uploads\/2026\/01\/1500x500-1.jpg","contentUrl":"https:\/\/eaupotable-grandouest.fr\/wp-content\/uploads\/2026\/01\/1500x500-1.jpg","width":1500,"height":500},{"@type":"BreadcrumbList","@id":"https:\/\/eaupotable-grandouest.fr\/index.php\/actualites\/#breadcrumb","itemListElement":[{"@type":"ListItem","position":1,"name":"Accueil","item":"https:\/\/eaupotable-grandouest.fr\/"},{"@type":"ListItem","position":2,"name":"Actualit\u00e9s"}]},{"@type":"WebSite","@id":"https:\/\/eaupotable-grandouest.fr\/#website","url":"https:\/\/eaupotable-grandouest.fr\/","name":"","description":"","potentialAction":[{"@type":"SearchAction","target":{"@type":"EntryPoint","urlTemplate":"https:\/\/eaupotable-grandouest.fr\/?s={search_term_string}"},"query-input":{"@type":"PropertyValueSpecification","valueRequired":true,"valueName":"search_term_string"}}],"inLanguage":"fr-FR"}]}},"_links":{"self":[{"href":"https:\/\/eaupotable-grandouest.fr\/index.php\/wp-json\/wp\/v2\/pages\/112","targetHints":{"allow":["GET"]}}],"collection":[{"href":"https:\/\/eaupotable-grandouest.fr\/index.php\/wp-json\/wp\/v2\/pages"}],"about":[{"href":"https:\/\/eaupotable-grandouest.fr\/index.php\/wp-json\/wp\/v2\/types\/page"}],"author":[{"embeddable":true,"href":"https:\/\/eaupotable-grandouest.fr\/index.php\/wp-json\/wp\/v2\/users\/1"}],"replies":[{"embeddable":true,"href":"https:\/\/eaupotable-grandouest.fr\/index.php\/wp-json\/wp\/v2\/comments?post=112"}],"version-history":[{"count":18,"href":"https:\/\/eaupotable-grandouest.fr\/index.php\/wp-json\/wp\/v2\/pages\/112\/revisions"}],"predecessor-version":[{"id":293,"href":"https:\/\/eaupotable-grandouest.fr\/index.php\/wp-json\/wp\/v2\/pages\/112\/revisions\/293"}],"wp:attachment":[{"href":"https:\/\/eaupotable-grandouest.fr\/index.php\/wp-json\/wp\/v2\/media?parent=112"}],"curies":[{"name":"wp","href":"https:\/\/api.w.org\/{rel}","templated":true}]}}